{"id":249,"date":"2016-08-05T11:41:59","date_gmt":"2016-08-05T16:41:59","guid":{"rendered":"https:\/\/www.formaris.de\/wp_neu\/facilities-2\/"},"modified":"2025-09-23T08:51:33","modified_gmt":"2025-09-23T06:51:33","slug":"ueber-uns","status":"publish","type":"page","link":"https:\/\/www.formaris.de\/wp2020\/ueber-uns\/","title":{"rendered":"\u00dcBER UNS"},"content":{"rendered":"<div id=\"cs-content\" class=\"cs-content\"><div class=\"x-section e249-e1 m6x-0 m6x-1\"><div class=\"x-row e249-e2 m6x-3 m6x-4 m6x-6\"><div class=\"x-row-inner\"><div class=\"x-col e249-e3 m6x-8\"><\/div><div class=\"x-col e249-e4 m6x-8\"><\/div><div class=\"x-col e249-e6 m6x-8\"><\/div><\/div><\/div><\/div><div class=\"x-section e249-e7 m6x-0 m6x-2\"><div class=\"x-row x-container max width e249-e8 m6x-3 m6x-5 m6x-7\"><div class=\"x-row-inner\"><div class=\"x-col e249-e9 m6x-8 m6x-9\"><div class=\"x-text x-text-headline e249-e10 m6x-c\"><div class=\"x-text-content\"><div class=\"x-text-content-text\"><h2 class=\"x-text-content-text-primary\">Marco Paulu&szlig;en<strong><br \/><br \/><\/strong><\/h2>\n<\/div><\/div><\/div><div class=\"x-text x-content e249-e11 m6x-d m6x-e\"><div class=\"wpb_text_column wpb_content_element vc_custom_1480533698764\">\n<div class=\"wpb_wrapper\">\n<p style=\"text-align: left;\"><span style=\"color: #000000;\"><strong>Qualifikationen:<\/strong><\/span><\/p>\n\n<ul>\n \t<li style=\"text-align: left;\"><span style=\"color: #000000;\">Staatlich gepr\u00fcfter Physiotherapeut<\/span><\/li>\n \t<li style=\"text-align: left;\"><span style=\"color: #000000;\">\u00d6demtherapeut\/Lymphdrainage-Therapeut<\/span><\/li>\n \t<li style=\"text-align: left;\"><span style=\"color: #000000;\">Bachelor of Physiotherapy (Niederlande) Heerlen<\/span><\/li>\n \t<li style=\"text-align: left;\"><span style=\"color: #000000;\">Lizensierter Personal-Trainer (FitnessFirst)<\/span><\/li>\n \t<li style=\"text-align: left;\"><span style=\"color: #000000;\">Ausbildung zum Osteopath IFAO (Institut f\u00fcr angewandte Osteopathie)<\/span><\/li>\n \t<li style=\"text-align: left;\"><span style=\"color: #000000;\">Kraft &amp; Konditionscoach (Deutsche Sporthochschule K\u00f6ln)<\/span><\/li>\n<\/ul>\n<\/div>\n<\/div><\/div><div class=\"x-text x-content e249-e12 m6x-e m6x-f\"><div class=\"wpb_text_column wpb_content_element \">\n<div class=\"wpb_wrapper\">\n<p style=\"text-align: left;\"><span style=\"color: #000000;\">Ich wurde 1979 als drittes von vier Geschwistern geboren und bin in M\u00f6nchengladbach aufgewachsen. <\/span><br \/>\n<br \/>\n<span style=\"color: #000000;\">Meine Interessen sind Kraftsport und Kampfsportarten\u00a0wie Taek-kwon-do, Kick-\/Thai Boxen, Jui Jutzu, und Capoeira. Diese inspirierten mich schon fr\u00fch zu\u00a0 meiner sp\u00e4teren Berufswahl und begleiten mich bis zum heutigen Tage.<\/span><\/p>\n<p style=\"text-align: left;\"><span style=\"color: #000000;\">Die\u00a0<a href=\"https:\/\/www.formaris.de\/physiotherapie-moenchengladbach-2\/\" style=\"color: #000000;\">Ausbildung zum Physiotherapeuten<\/a>\u00a0schloss ich mit einer Bachelorarbeit ab. Diese umfasste eine Meta-Analyse verschiedener Studien, in denen Yoga als Therapie f\u00fcr den Bewegungsapparat untersucht wurde. Das Ergebnis war ein Buch mit den \u00dcbungen aus den Studien, die einen positiven Effekt auf die Gesundheit des Bewegungsapparates aufwiesen.<\/span><br \/>\n<span style=\"color: #000000;\">Nach dem\u00a0Studium der Physiotherapie\u00a0in den Niederlanden arbeitete ich in verschiedenen Krankenh\u00e4usern und Reha-Zentren. Dort therapierte ich schwerpunktm\u00e4\u00dfig Schlaganfall-Patienten und konnte so viele Erfahrungen im Bereich der Neurologie und Orthop\u00e4die machen.<\/span><\/p>\n<p style=\"text-align: left;\"><span style=\"color: #000000;\">2007 begann ich meine berufsbegleitende 5-j\u00e4hrige Ausbildung zum\u00a0<a href=\"https:\/\/www.formaris.de\/osteopathie-moenchengladbach\/\" style=\"color: #000000;\">Osteopathen<\/a>, die ich mit Erfolg abschloss. Die Osteopathie brachte mir eine gro\u00dfe Erweiterung meiner therapeutischen Fertigkeiten und fasziniert mich, da\u00a0 die Osteopathie die einzige Therapieform ist, die wirklich\u00a0ganzheitlich\u00a0funktioniert und es nicht nur von sich behauptet.<\/span><\/p>\n<p style=\"text-align: left;\"><span style=\"color: #000000;\">An der Sporthochschule K\u00f6ln wurde ich zum\u00a0Kraft- &amp; Konditionscoach\u00a0ausgebildet. Dies festigte mich als Trainer und erweiterte mein Portfolio. Au\u00dferdem erlaubte mir die Ausbildung tiefe Einblicke in den Trainingsalltag einer professionellen Fu\u00dfballmannschaft.\u00a0Das Praktikum, welches die Ausbildung abrundete, absolvierte ich bei der\u00a0U17 &amp; U23 der Borussia M\u00f6nchengladbach. Hier war ich unter anderem f\u00fcr\u00a0Agilit\u00e4t, Kraft und Mobilit\u00e4t verantwortlich.<\/span><\/p>\n<p style=\"text-align: left;\"><span style=\"color: #000000;\">Ich bin dankbar, dass ich mich zu Denen z\u00e4hlen darf, die Ihren Beruf und ihre t\u00e4gliche Arbeit lieben.<\/span><\/p>\n\n<\/div>\n<\/div><\/div><\/div><div class=\"x-col e249-e13 m6x-8\"><span class=\"x-image e249-e14 m6x-a\"><img decoding=\"async\" src=\"https:\/\/www.formaris.de\/wp-content\/uploads\/2025\/09\/MarcoIMG-20250918-WA0013.jpg\" width=\"600\" height=\"800\" alt=\"Image\" loading=\"lazy\"><\/span><\/div><\/div><\/div><\/div><span data-x-element-responsive-text=\"{&quot;selector&quot;:&quot;.h-responsive .x-text-content-text-primary&quot;,&quot;compression&quot;:&quot;1.5&quot;,&quot;minFontSize&quot;:&quot;48px&quot;,&quot;maxFontSize&quot;:&quot;64px&quot;}\" class=\"e249-e15\"><\/span><\/div>\n","protected":false},"excerpt":{"rendered":"<p>Marco Paulu&szlig;en Qualifikationen: Staatlich gepr\u00fcfter Physiotherapeut \u00d6demtherapeut\/Lymphdrainage-Therapeut Bachelor of Physiotherapy (Niederlande) Heerlen Lizensierter Personal-Trainer (FitnessFirst) Ausbildung zum Osteopath IFAO (Institut f\u00fcr angewandte Osteopathie) Kraft &amp; Konditionscoach (Deutsche Sporthochschule K\u00f6ln) Ich wurde 1979 als drittes von vier Geschwistern geboren und bin in M\u00f6nchengladbach aufgewachsen. Meine Interessen sind Kraftsport und Kampfsportarten\u00a0wie Taek-kwon-do, Kick-\/Thai Boxen, Jui Jutzu, und Capoeira. Diese inspirierten mich schon &#8230;<\/p>\n","protected":false},"author":1,"featured_media":0,"parent":0,"menu_order":0,"comment_status":"closed","ping_status":"closed","template":"template-blank-4.php","meta":{"_acf_changed":false,"footnotes":""},"class_list":["post-249","page","type-page","status-publish","hentry","no-post-thumbnail"],"acf":[],"aioseo_notices":[],"_links":{"self":[{"href":"https:\/\/www.formaris.de\/wp2020\/wp-json\/wp\/v2\/pages\/249","targetHints":{"allow":["GET"]}}],"collection":[{"href":"https:\/\/www.formaris.de\/wp2020\/wp-json\/wp\/v2\/pages"}],"about":[{"href":"https:\/\/www.formaris.de\/wp2020\/wp-json\/wp\/v2\/types\/page"}],"author":[{"embeddable":true,"href":"https:\/\/www.formaris.de\/wp2020\/wp-json\/wp\/v2\/users\/1"}],"replies":[{"embeddable":true,"href":"https:\/\/www.formaris.de\/wp2020\/wp-json\/wp\/v2\/comments?post=249"}],"version-history":[{"count":23,"href":"https:\/\/www.formaris.de\/wp2020\/wp-json\/wp\/v2\/pages\/249\/revisions"}],"predecessor-version":[{"id":2372,"href":"https:\/\/www.formaris.de\/wp2020\/wp-json\/wp\/v2\/pages\/249\/revisions\/2372"}],"wp:attachment":[{"href":"https:\/\/www.formaris.de\/wp2020\/wp-json\/wp\/v2\/media?parent=249"}],"curies":[{"name":"wp","href":"https:\/\/api.w.org\/{rel}","templated":true}]}}