{"id":2350,"date":"2025-10-25T15:49:51","date_gmt":"2025-10-25T13:49:51","guid":{"rendered":"https:\/\/www.formaris.de\/wp2020\/?page_id=2350"},"modified":"2026-01-05T16:50:18","modified_gmt":"2026-01-05T15:50:18","slug":"formaris-personal-trainer-osteopath-in-moenchengladbach","status":"publish","type":"page","link":"https:\/\/www.formaris.de\/wp2020\/","title":{"rendered":"formaris \u2013 Personal Trainer &#038; Osteopath in M\u00f6nchengladbach"},"content":{"rendered":"<div id=\"cs-content\" class=\"cs-content\"><div class=\"x-section e2350-e1 m1ta-0 m1ta-1 m1ta-2 m1ta-3 m1ta-4\"><div class=\"x-bg\"><div class=\"x-bg-layer-lower-img\"><img decoding=\"async\" src=\"https:\/\/www.formaris.de\/wp-content\/uploads\/2024\/12\/Untitled-design-12.jpg\" alt=\"Image\" loading=\"lazy\"\/><\/div><\/div><div class=\"x-row x-container max width e2350-e2 m1ta-c m1ta-d m1ta-e m1ta-k m1ta-l\"><div class=\"x-row-inner\"><div class=\"x-col e2350-e3 m1ta-15 m1ta-16\"><hr class=\"x-line e2350-e4 m1ta-1a\"\/><hr class=\"x-line e2350-e5 m1ta-1a\"\/><\/div><\/div><\/div><div class=\"x-row x-container max width e2350-e6 m1ta-c m1ta-d m1ta-e m1ta-k m1ta-m\"><div class=\"x-row-inner\"><div class=\"x-col e2350-e7 m1ta-15 m1ta-16\"><\/div><div class=\"x-col e2350-e8 m1ta-15 m1ta-16\"><div class=\"x-text x-content e2350-e9 m1ta-1b m1ta-1c m1ta-1d\"><h3 style=\"text-align: center;\"><span style=\"color: #ffffff;\">st\u00e4rker. Ges\u00fcnder. gl\u00fccklicher. Starte deine transformation noch heute!<\/span><\/h3><\/div><\/div><\/div><\/div><div class=\"x-row x-container max width e2350-e10 m1ta-c m1ta-d m1ta-e m1ta-f m1ta-k m1ta-n\"><div class=\"x-row-inner\"><div class=\"x-col e2350-e11 m1ta-15 m1ta-16\"><\/div><div class=\"x-col e2350-e12 m1ta-15 m1ta-16\"><a class=\"x-anchor x-anchor-button e2350-e13 m1ta-1g m1ta-1h m1ta-1i m1ta-1j m1ta-1k m1ta-1l m1ta-1m\" tabindex=\"0\" href=\"#\"><div class=\"x-anchor-content\"><div class=\"x-anchor-text\"><span class=\"x-anchor-text-primary\"><span style=\"color: #ffffff;\">Starte deine Fitnessreise<\/span><\/span><\/div><\/div><\/a><\/div><div class=\"x-col e2350-e14 m1ta-15 m1ta-16\"><\/div><\/div><\/div><div class=\"x-row x-container max width e2350-e15 m1ta-c m1ta-d m1ta-e m1ta-k m1ta-o\"><div class=\"x-row-inner\"><div class=\"x-col e2350-e16 m1ta-15 m1ta-16\"><hr class=\"x-line e2350-e17 m1ta-1a\"\/><\/div><\/div><\/div><\/div><div class=\"x-section e2350-e18 m1ta-1 m1ta-2 m1ta-4 m1ta-5\"><div class=\"x-row x-container max width e2350-e19 m1ta-c m1ta-g m1ta-h m1ta-p m1ta-q\"><div class=\"x-row-inner\"><div class=\"x-col e2350-e20 m1ta-15 m1ta-16 m1ta-17\"><div class=\"x-text x-content e2350-e21 m1ta-1b m1ta-1e m1ta-1f\"><h2 style=\"text-align: center;\">formaris<\/h2><\/div><\/div><\/div><\/div><div class=\"x-row x-container max width e2350-e22 m1ta-c m1ta-d m1ta-e m1ta-k m1ta-r\"><div class=\"x-row-inner\"><div class=\"x-col e2350-e23 m1ta-15 m1ta-16\"><div class=\"x-text x-content e2350-e24 m1ta-1b m1ta-1c m1ta-1f\"><h5 style=\"text-align: center;\">Wilkommen bei Formaris - Dein Partner f\u00fcr Gesundheit und fitness<\/h5>\n<p style=\"text-align: center;\">Wir helfen dir deine Ziele zu erreichen - ob bessere Fitness, Schmerzfreiheit oder mehr Wohlbefinden. Mit ma\u00dfgeschneiderten L\u00f6sungen und pers\u00f6nlicher Betreung bringen wir dich auf den Weg zu deinem besten Selbst.<\/p><\/div><\/div><\/div><\/div><div class=\"x-row x-container max width e2350-e25 m1ta-c m1ta-d m1ta-e m1ta-k m1ta-s\"><div class=\"x-row-inner\"><div class=\"x-col e2350-e26 m1ta-15 m1ta-16\"><hr class=\"x-line e2350-e27 m1ta-1a\"\/><\/div><\/div><\/div><div class=\"x-row x-container max width e2350-e28 m1ta-c m1ta-d m1ta-e m1ta-f m1ta-k m1ta-t\"><div class=\"x-row-inner\"><div class=\"x-col e2350-e29 m1ta-15 m1ta-16\"><\/div><div class=\"x-col e2350-e30 m1ta-15 m1ta-16 m1ta-18\"><a class=\"x-anchor x-anchor-button e2350-e31 m1ta-1g m1ta-1h m1ta-1i m1ta-1m m1ta-1n m1ta-1o m1ta-1p\" tabindex=\"0\" href=\"https:\/\/www.formaris.de\/wp2020\/contact\/\"><div class=\"x-anchor-content\"><div class=\"x-anchor-text\"><span class=\"x-anchor-text-primary\"><strong><span style=\"color: #ffffff;\">Starte deine Fitnessreise<\/span><\/strong><\/span><\/div><\/div><\/a><\/div><div class=\"x-col e2350-e32 m1ta-15 m1ta-16\"><\/div><\/div><\/div><\/div><div class=\"x-section e2350-e33 m1ta-0 m1ta-1 m1ta-4 m1ta-6 m1ta-7\"><div class=\"x-row x-container max width e2350-e34 m1ta-c m1ta-f m1ta-g m1ta-h m1ta-p m1ta-u\"><div class=\"x-row-inner\"><div class=\"x-col e2350-e35 m1ta-15 m1ta-16\"><a class=\"x-anchor x-anchor-button has-graphic has-int-content e2350-e36 m1ta-1g m1ta-1h m1ta-1p m1ta-1q m1ta-1r\" tabindex=\"0\" href=\"personal-trainer-moenchengladbach\"><div class=\"x-anchor-content x-anchor-content-out-slide-bottom-in-scale-up\"><span class=\"x-graphic\" aria-hidden=\"true\"><i class=\"x-icon x-graphic-child x-graphic-icon x-graphic-primary\" aria-hidden=\"true\" data-x-icon-s=\"&#xf234;\"><\/i><\/span><div class=\"x-anchor-text\"><span class=\"x-anchor-text-primary\">Personal Training<\/span><span class=\"x-anchor-text-secondary\">Du willst abnehmen? Einen schmerzfreien R\u00fccken? Oder einfach nur fitter werden? Mit uns als Personal Trainer erreichst Du garantiert DEINE pers\u00f6nlichen Ziele!<\/span><\/div><\/div><div class=\"x-anchor-content x-anchor-content-out-slide-bottom-in-scale-up is-int\"><span class=\"x-graphic\" aria-hidden=\"true\"><i class=\"x-icon x-graphic-child x-graphic-icon x-graphic-primary\" aria-hidden=\"true\" data-x-icon-s=\"&#xf234;\"><\/i><\/span><div class=\"x-anchor-text\"><div class=\"x-anchor-text-primary\">Personal Training<\/div><div class=\"x-anchor-text-secondary\">Du willst abnehmen? Einen schmerzfreien R\u00fccken? Oder einfach nur fitter werden? Mit uns als Personal Trainer erreichst Du garantiert DEINE pers\u00f6nlichen Ziele!<\/div><\/div><\/div><\/a><\/div><div class=\"x-col e2350-e37 m1ta-15 m1ta-16\"><a class=\"x-anchor x-anchor-button has-graphic has-int-content e2350-e38 m1ta-1g m1ta-1h m1ta-1p m1ta-1q m1ta-1r\" tabindex=\"0\" href=\"osteopathie-moenchengladbach\"><div class=\"x-anchor-content x-anchor-content-out-slide-bottom-in-scale-up\"><span class=\"x-graphic\" aria-hidden=\"true\"><i class=\"x-icon x-graphic-child x-graphic-icon x-graphic-primary\" aria-hidden=\"true\" data-x-icon-s=\"&#xf21d;\"><\/i><\/span><div class=\"x-anchor-text\"><span class=\"x-anchor-text-primary\">Osteopathie<\/span><span class=\"x-anchor-text-secondary\">Osteopathie ist eine ganzheitliche manuelle Behandlung, welche alle Gewebe und Strukturen des Menschen in Diagnose und Therapie mit einbezieht.<\/span><\/div><\/div><div class=\"x-anchor-content x-anchor-content-out-slide-bottom-in-scale-up is-int\"><span class=\"x-graphic\" aria-hidden=\"true\"><i class=\"x-icon x-graphic-child x-graphic-icon x-graphic-primary\" aria-hidden=\"true\" data-x-icon-s=\"&#xf21d;\"><\/i><\/span><div class=\"x-anchor-text\"><div class=\"x-anchor-text-primary\">Osteopathie<\/div><div class=\"x-anchor-text-secondary\">Osteopathie ist eine ganzheitliche manuelle Behandlung, welche alle Gewebe und Strukturen des Menschen in Diagnose und Therapie mit einbezieht.<\/div><\/div><\/div><\/a><\/div><div class=\"x-col e2350-e39 m1ta-15 m1ta-16\"><a class=\"x-anchor x-anchor-button has-graphic has-int-content e2350-e40 m1ta-1g m1ta-1h m1ta-1p m1ta-1q m1ta-1r\" tabindex=\"0\" href=\"kraftclub-moenchengladbach\"><div class=\"x-anchor-content x-anchor-content-out-slide-bottom-in-scale-up\"><span class=\"x-graphic\" aria-hidden=\"true\"><i class=\"x-icon x-graphic-child x-graphic-icon x-graphic-primary\" aria-hidden=\"true\" data-x-icon-s=\"&#xf0c0;\"><\/i><\/span><div class=\"x-anchor-text\"><span class=\"x-anchor-text-primary\">Kraftclub<\/span><span class=\"x-anchor-text-secondary\">In unseren R\u00e4umlichkeiten trainierst Du ohne Ger\u00e4te in einer kleinen Gruppe mit maximal 4 Personen. Gemeinsam seit Ihr st\u00e4rker!<\/span><\/div><\/div><div class=\"x-anchor-content x-anchor-content-out-slide-bottom-in-scale-up is-int\"><span class=\"x-graphic\" aria-hidden=\"true\"><i class=\"x-icon x-graphic-child x-graphic-icon x-graphic-primary\" aria-hidden=\"true\" data-x-icon-s=\"&#xf0c0;\"><\/i><\/span><div class=\"x-anchor-text\"><div class=\"x-anchor-text-primary\">Kraftclub<\/div><div class=\"x-anchor-text-secondary\">In unseren R\u00e4umlichkeiten trainierst Du ohne Ger\u00e4te in einer kleinen Gruppe mit maximal 4 Personen. Gemeinsam seit Ihr st\u00e4rker!<\/div><\/div><\/div><\/a><\/div><\/div><\/div><\/div><div class=\"x-section e2350-e41 m1ta-0 m1ta-1 m1ta-4 m1ta-6 m1ta-8\"><div class=\"x-row x-container max width e2350-e42 m1ta-c m1ta-f m1ta-g m1ta-h m1ta-p m1ta-v\"><div class=\"x-row-inner\"><div class=\"x-col e2350-e43 m1ta-15 m1ta-16\"><a class=\"x-anchor x-anchor-button has-graphic has-int-content e2350-e44 m1ta-1g m1ta-1h m1ta-1p m1ta-1q m1ta-1r\" tabindex=\"0\" href=\"bootcamp-moenchengladbach\"><div class=\"x-anchor-content x-anchor-content-out-slide-bottom-in-scale-up\"><span class=\"x-graphic\" aria-hidden=\"true\"><i class=\"x-icon x-graphic-child x-graphic-icon x-graphic-primary\" aria-hidden=\"true\" data-x-icon-s=\"&#xf0a1;\"><\/i><\/span><div class=\"x-anchor-text\"><span class=\"x-anchor-text-primary\">Bootcamp<\/span><span class=\"x-anchor-text-secondary\">functional training meets athletictraining. Kraftausdauer und Koordination treffen hier aufeinander<\/span><\/div><\/div><div class=\"x-anchor-content x-anchor-content-out-slide-bottom-in-scale-up is-int\"><span class=\"x-graphic\" aria-hidden=\"true\"><i class=\"x-icon x-graphic-child x-graphic-icon x-graphic-primary\" aria-hidden=\"true\" data-x-icon-s=\"&#xf0a1;\"><\/i><\/span><div class=\"x-anchor-text\"><div class=\"x-anchor-text-primary\">Bootcamp<\/div><div class=\"x-anchor-text-secondary\">Mit viel Spa\u00df und in einer angenehmen Atmosph\u00e4re wird bei gutem sowie bei schlechtem Wetter unter freiem Himmel intensiv trainiert.<\/div><\/div><\/div><\/a><\/div><div class=\"x-col e2350-e45 m1ta-15 m1ta-16\"><a class=\"x-anchor x-anchor-button has-graphic has-int-content e2350-e46 m1ta-1g m1ta-1h m1ta-1p m1ta-1q m1ta-1r\" tabindex=\"0\" href=\"firmenfittness-moenchengladbach\"><div class=\"x-anchor-content x-anchor-content-out-slide-bottom-in-scale-up\"><span class=\"x-graphic\" aria-hidden=\"true\"><i class=\"x-icon x-graphic-child x-graphic-icon x-graphic-primary\" aria-hidden=\"true\" data-x-icon-s=\"&#xf201;\"><\/i><\/span><div class=\"x-anchor-text\"><span class=\"x-anchor-text-primary\">Firmenfitness<\/span><span class=\"x-anchor-text-secondary\">Geben Sie ihrem Team eine neue Form und st\u00e4rken Sie den Teamgeist. Mit Firmentraining und Gesundheits-Management bieten Sie einen echten Mehrwert f\u00fcr Ihr Unternehmen.<\/span><\/div><\/div><div class=\"x-anchor-content x-anchor-content-out-slide-bottom-in-scale-up is-int\"><span class=\"x-graphic\" aria-hidden=\"true\"><i class=\"x-icon x-graphic-child x-graphic-icon x-graphic-primary\" aria-hidden=\"true\" data-x-icon-s=\"&#xf201;\"><\/i><\/span><div class=\"x-anchor-text\"><div class=\"x-anchor-text-primary\">Firmenfitness<\/div><div class=\"x-anchor-text-secondary\">Geben Sie ihrem Team eine neue Form und st\u00e4rken Sie den Teamgeist. Mit Firmentraining und Gesundheits-Management bieten Sie einen echten Mehrwert f\u00fcr Ihr Unternehmen.<\/div><\/div><\/div><\/a><\/div><div class=\"x-col e2350-e47 m1ta-15 m1ta-16\"><a class=\"x-anchor x-anchor-button has-graphic has-int-content e2350-e48 m1ta-1g m1ta-1h m1ta-1p m1ta-1q m1ta-1r\" tabindex=\"0\" href=\"physiotherapie-moenchengladbach-2\"><div class=\"x-anchor-content x-anchor-content-out-slide-bottom-in-scale-up\"><span class=\"x-graphic\" aria-hidden=\"true\"><i class=\"x-icon x-graphic-child x-graphic-icon x-graphic-primary\" aria-hidden=\"true\" data-x-icon-s=\"&#xf0f0;\"><\/i><\/span><div class=\"x-anchor-text\"><span class=\"x-anchor-text-primary\">Physiotherapie<\/span><span class=\"x-anchor-text-secondary\">F\u00fcr privat Versicherte bietet formaris im Rahmen \u00e4rztlich verordneter Physiotherapie die entsprechende Behandlung.<\/span><\/div><\/div><div class=\"x-anchor-content x-anchor-content-out-slide-bottom-in-scale-up is-int\"><span class=\"x-graphic\" aria-hidden=\"true\"><i class=\"x-icon x-graphic-child x-graphic-icon x-graphic-primary\" aria-hidden=\"true\" data-x-icon-s=\"&#xf0f0;\"><\/i><\/span><div class=\"x-anchor-text\"><div class=\"x-anchor-text-primary\">Physiotherapie<\/div><div class=\"x-anchor-text-secondary\">F\u00fcr privat Versicherte bietet formaris im Rahmen \u00e4rztlich verordneter Physiotherapie die entsprechende Behandlung.<\/div><\/div><\/div><\/a><\/div><\/div><\/div><\/div><div class=\"x-section e2350-e49 m1ta-0 m1ta-1 m1ta-9\"><div class=\"x-row x-container max width e2350-e50 m1ta-c m1ta-d m1ta-e m1ta-k m1ta-w\"><div class=\"x-row-inner\"><div class=\"x-col e2350-e51 m1ta-15 m1ta-16\"><span class=\"x-image e2350-e52 m1ta-1t m1ta-1u\"><img decoding=\"async\" src=\"https:\/\/www.formaris.de\/wp-content\/uploads\/2026\/01\/Boxclub_Klein2560_144247485.jpg\" width=\"1280\" height=\"960\" alt=\"Image\" loading=\"lazy\"><\/span><\/div><div class=\"x-col e2350-e53 m1ta-15 m1ta-16\"><div class=\"x-text x-content e2350-e55 m1ta-1b m1ta-1c m1ta-1d\"><h3 style=\"text-align: center;\">NEU!! Box-Club<\/h3>\n<div dir=\"auto\">\n<p>Boxtraining ohne Sparring<\/p>\n<p class=\"cvGsUA direction-ltr align-start para-style-body\"><span class=\"OYPEnA font-feature-liga-off font-feature-clig-off font-feature-calt-off text-decoration-none text-strikethrough-none\">Du m\u00f6chtest von den vielen Vorteilen profitieren, die der Boxsport mit sich bringt?<\/span><\/p>\n<p class=\"cvGsUA direction-ltr align-start para-style-body\"><span class=\"OYPEnA font-feature-liga-off font-feature-clig-off font-feature-calt-off text-decoration-none text-strikethrough-none\">Du m\u00f6chtest deine Koordination auf ein neues Level bringen und Dich richtig auspowern? Dann bist Du hier genau richtig!<\/span><\/p>\n<p>Mit Schwei\u00df, Spa\u00df und garantiert ohne Veilchen !<\/p>\n\n<\/div><\/div><\/div><\/div><\/div><\/div><div class=\"x-section e2350-e62 m1ta-0 m1ta-1 m1ta-4 m1ta-a\"><span class=\"x-separator-top-angle-in\" style=\"top: 0px; height: 50px; color: rgba(0, 0, 0, 0.75);\" aria-hidden=\"true\"><svg class=\"angle-top-in\" style=\"fill: currentColor;\" xmlns=\"http:\/\/www.w3.org\/2000\/svg\" version=\"1.1\" viewBox=\"0 0 100 100\" preserveAspectRatio=\"none\"><polygon points=\"0,100 50,100 0,0\"\/><polygon points=\"50,100 100,100 100,0\"\/><\/svg><\/span><div class=\"x-row x-container max width e2350-e63 m1ta-c m1ta-f m1ta-h m1ta-i m1ta-y m1ta-z\"><div class=\"x-row-inner\"><div class=\"x-col e2350-e64 m1ta-15 m1ta-19\"><div class=\"x-text x-content e2350-e65 m1ta-1b m1ta-1c m1ta-1f\"><h4 style=\"text-align: center;\">Unser Kursplan<\/h4>\n<p><\/p>\n<p><\/p><\/div><\/div><\/div><\/div><div class=\"x-row x-container max width e2350-e66 m1ta-c m1ta-d m1ta-e m1ta-k m1ta-10\"><div class=\"x-row-inner\"><div class=\"x-col e2350-e67 m1ta-15 m1ta-16\"><iframe scrolling='auto' style='border:1px solid #aaa; width:100%; height:1100px;' allowtransparency='true' src='https:\/\/optioffice.eu\/optioffice\/login\/homepagemodul.php?s=1162&c=303161843&action=kursplan&color=&background='><\/iframe> <\/div><\/div><\/div><\/div><div class=\"x-section e2350-e69 m1ta-0 m1ta-1 m1ta-4 m1ta-a\"><span class=\"x-separator-top-angle-in\" style=\"top: 0px; height: 50px; color: rgba(0, 0, 0, 0.75);\" aria-hidden=\"true\"><svg class=\"angle-top-in\" style=\"fill: currentColor;\" xmlns=\"http:\/\/www.w3.org\/2000\/svg\" version=\"1.1\" viewBox=\"0 0 100 100\" preserveAspectRatio=\"none\"><polygon points=\"0,100 50,100 0,0\"\/><polygon points=\"50,100 100,100 100,0\"\/><\/svg><\/span><div class=\"x-row x-container max width e2350-e70 m1ta-c m1ta-f m1ta-h m1ta-i m1ta-y m1ta-11\"><div class=\"x-row-inner\"><div class=\"x-col e2350-e71 m1ta-15 m1ta-19\"><div class=\"x-text x-content e2350-e72 m1ta-1b m1ta-1c m1ta-1f\"><h4 style=\"text-align: center;\">Hier kannst Du im Online-Shop unsere Dienstleistungen erwerben<\/h4> <br><\/div><\/div><\/div><\/div><div class=\"x-row x-container max width e2350-e73 m1ta-c m1ta-d m1ta-e m1ta-k m1ta-12\"><div class=\"x-row-inner\"><div class=\"x-col e2350-e74 m1ta-15 m1ta-16\"><a  class=\"x-btn x-btn-global x-btn-block\"  href=\"https:\/\/optioffice.eu\/optioffice\/login\/onlineshop.php?s=1162&amp;c=303161843&amp;color=&amp;kategorie=\" title=\"https:\/\/optioffice.eu\/optioffice\/login\/onlineshop.php?s=1162&amp;c=303161843&amp;color=&amp;kategorie=\" target=\"_blank\" rel=\"noopener noreferrer\"   data-options=\"thumbnail: ''\">zum Online-Shop<\/a><\/div><\/div><\/div><\/div><div class=\"x-section e2350-e76 m1ta-0 m1ta-1 m1ta-4 m1ta-6 m1ta-7\"><div class=\"x-row x-container max width e2350-e77 m1ta-c m1ta-f m1ta-g m1ta-h m1ta-p m1ta-13\"><div class=\"x-row-inner\"><div class=\"x-col e2350-e78 m1ta-15 m1ta-16\"><div class=\"x-text x-text-headline e2350-e79 m1ta-1v\"><div class=\"x-text-content\"><div class=\"x-text-content-text\"><h1 class=\"x-text-content-text-primary\">Unsere Kooperationspartner:<\/h1>\n<\/div><\/div><\/div><\/div><\/div><\/div><div class=\"x-row x-container max width e2350-e80 m1ta-c m1ta-e m1ta-h m1ta-j m1ta-k m1ta-14\"><div class=\"x-row-inner\"><div class=\"x-col e2350-e81 m1ta-15 m1ta-16\"><a class=\"x-anchor x-anchor-button e2350-e82 m1ta-1g m1ta-1h m1ta-1i m1ta-1j m1ta-1l m1ta-1o m1ta-1p m1ta-1r\" tabindex=\"0\" href=\"https:\/\/www.ki-nd.de\" target=\"_blank\" rel=\"noopener noreferrer\"><div class=\"x-anchor-content\"><div class=\"x-anchor-text\"><span class=\"x-anchor-text-primary\">Kinderwunschzentrum Niederrhein<\/span><\/div><\/div><\/a><a class=\"x-anchor x-anchor-button e2350-e83 m1ta-1h m1ta-1i m1ta-1j m1ta-1o m1ta-1r m1ta-1s\" tabindex=\"0\" href=\"https:\/\/orange-island.de\" target=\"_blank\" rel=\"noopener noreferrer\"><div class=\"x-anchor-content\"><div class=\"x-anchor-text\"><span class=\"x-anchor-text-primary\">Orange Island Kosmetik<\/span><\/div><\/div><\/a><\/div><\/div><\/div><\/div><\/div>\n","protected":false},"excerpt":{"rendered":"<p>st\u00e4rker. Ges\u00fcnder. gl\u00fccklicher. Starte deine transformation noch heute!Starte deine FitnessreiseformarisWilkommen bei Formaris &#8211; Dein Partner f\u00fcr Gesundheit und fitness Wir helfen dir deine Ziele zu erreichen &#8211; ob bessere Fitness, Schmerzfreiheit oder mehr Wohlbefinden. Mit ma\u00dfgeschneiderten L\u00f6sungen und pers\u00f6nlicher Betreung bringen wir dich auf den Weg zu deinem besten Selbst.Starte deine FitnessreisePersonal TrainingDu willst abnehmen? Einen schmerzfreien R\u00fccken? Oder einfach &#8230;<\/p>\n","protected":false},"author":1,"featured_media":0,"parent":0,"menu_order":0,"comment_status":"closed","ping_status":"closed","template":"template-blank-4.php","meta":{"_acf_changed":false,"footnotes":""},"class_list":["post-2350","page","type-page","status-publish","hentry","no-post-thumbnail"],"acf":[],"aioseo_notices":[],"_links":{"self":[{"href":"https:\/\/www.formaris.de\/wp2020\/wp-json\/wp\/v2\/pages\/2350","targetHints":{"allow":["GET"]}}],"collection":[{"href":"https:\/\/www.formaris.de\/wp2020\/wp-json\/wp\/v2\/pages"}],"about":[{"href":"https:\/\/www.formaris.de\/wp2020\/wp-json\/wp\/v2\/types\/page"}],"author":[{"embeddable":true,"href":"https:\/\/www.formaris.de\/wp2020\/wp-json\/wp\/v2\/users\/1"}],"replies":[{"embeddable":true,"href":"https:\/\/www.formaris.de\/wp2020\/wp-json\/wp\/v2\/comments?post=2350"}],"version-history":[{"count":13,"href":"https:\/\/www.formaris.de\/wp2020\/wp-json\/wp\/v2\/pages\/2350\/revisions"}],"predecessor-version":[{"id":2419,"href":"https:\/\/www.formaris.de\/wp2020\/wp-json\/wp\/v2\/pages\/2350\/revisions\/2419"}],"wp:attachment":[{"href":"https:\/\/www.formaris.de\/wp2020\/wp-json\/wp\/v2\/media?parent=2350"}],"curies":[{"name":"wp","href":"https:\/\/api.w.org\/{rel}","templated":true}]}}