{"id":199,"date":"2016-08-05T11:43:13","date_gmt":"2016-08-05T16:43:13","guid":{"rendered":"https:\/\/www.formaris.de\/wp_neu\/contact\/"},"modified":"2024-12-10T14:43:18","modified_gmt":"2024-12-10T13:43:18","slug":"contact","status":"publish","type":"page","link":"https:\/\/www.formaris.de\/wp2020\/contact\/","title":{"rendered":"Kontakt"},"content":{"rendered":"<div id=\"cs-content\" class=\"cs-content\"><div class=\"x-section e199-e1 m5j-0 m5j-1 m5j-2 m5j-3\"><div class=\"x-row x-container max width e199-e2 m5j-7 m5j-8 m5j-9 m5j-d\"><div class=\"x-row-inner\"><div class=\"x-col e199-e3 m5j-k\"><div class=\"x-text x-text-headline e199-e4 m5j-l\"><div class=\"x-text-content\"><div class=\"x-text-content-text\"><h1 class=\"x-text-content-text-primary\"><h3>Kontakt zu formaris<\/h3><\/h1>\n<\/div><\/div><\/div><div class=\"x-text x-content e199-e5 m5j-m m5j-n\"><p>Wenn Sie uns per Kontaktformular Anfragen zukommen lassen, werden<br \/>\nIhre Angaben aus dem Anfrageformular inklusive der von Ihnen dort angegebenen Kontaktdaten zwecks<br \/>\nBearbeitung der Anfrage und f\u00fcr den Fall von Anschlussfragen bei uns gespeichert. Diese Daten<br \/>\ngeben wir nicht ohne Ihre Einwilligung weiter.<\/p>\n<p>Weiteres zum Thema Datenschutz, entnehmen Sie bitte unserer <a href=\"https:\/\/www.formaris.de\/datenschutz\/\">Datenschutzerkl\u00e4rung<\/a><\/p>\n<p><\/p><\/div><\/div><div class=\"x-col e199-e6 m5j-k\"><hr class=\"x-line e199-e7 m5j-p\"\/><div class=\"x-text x-content e199-e8 m5j-m m5j-o\"><h5><\/h5>\n<p><\/p>\n\n<h5>formaris<\/h5>\n<p>Marco Paulu\u00dfen<br \/>\nFliethstra\u00dfe 112 - 114<br \/>\n41061 M\u00f6nchengladbach<\/p>\n<p><a href=\"mailto:info@formaris.de\">info@formaris.de<\/a><br \/>\n<a href=\"tel:+4921613043693\">Telefon: +49(0)2161-3043693<\/a><\/p><\/div><\/div><\/div><\/div><div class=\"x-row x-container max width e199-e9 m5j-7 m5j-a m5j-b m5j-e m5j-f\"><div class=\"x-row-inner\"><div class=\"x-col e199-e10 m5j-k\"><div class=\"x-form-integration x-form-integration-contact-form-7 e199-e11 m5j-q\">\n<div class=\"wpcf7 no-js\" id=\"wpcf7-f52-o1\" lang=\"de-DE\" dir=\"ltr\" data-wpcf7-id=\"52\">\n<div class=\"screen-reader-response\"><p role=\"status\" aria-live=\"polite\" aria-atomic=\"true\"><\/p> <ul><\/ul><\/div>\n<form action=\"\/wp2020\/wp-json\/wp\/v2\/pages\/199#wpcf7-f52-o1\" method=\"post\" class=\"wpcf7-form init\" aria-label=\"Kontaktformular\" novalidate=\"novalidate\" data-status=\"init\">\n<fieldset class=\"hidden-fields-container\"><input type=\"hidden\" name=\"_wpcf7\" value=\"52\" \/><input type=\"hidden\" name=\"_wpcf7_version\" value=\"6.1.5\" \/><input type=\"hidden\" name=\"_wpcf7_locale\" value=\"de_DE\" \/><input type=\"hidden\" name=\"_wpcf7_unit_tag\" value=\"wpcf7-f52-o1\" \/><input type=\"hidden\" name=\"_wpcf7_container_post\" value=\"0\" \/><input type=\"hidden\" name=\"_wpcf7_posted_data_hash\" value=\"\" \/>\n<\/fieldset>\n<p><label> Dein Name (Pflichtfeld)<br \/>\n<span class=\"wpcf7-form-control-wrap\" data-name=\"your-name\"><input size=\"40\" maxlength=\"400\" class=\"wpcf7-form-control wpcf7-text wpcf7-validates-as-required\" aria-required=\"true\" aria-invalid=\"false\" value=\"\" type=\"text\" name=\"your-name\" \/><\/span> <\/label>\n<\/p>\n<p><label> Deine E-Mail-Adresse (Pflichtfeld)<br \/>\n<span class=\"wpcf7-form-control-wrap\" data-name=\"your-email\"><input size=\"40\" maxlength=\"400\" class=\"wpcf7-form-control wpcf7-email wpcf7-validates-as-required wpcf7-text wpcf7-validates-as-email\" aria-required=\"true\" aria-invalid=\"false\" value=\"\" type=\"email\" name=\"your-email\" \/><\/span> <\/label>\n<\/p>\n<p><label> Betreff<br \/>\n<span class=\"wpcf7-form-control-wrap\" data-name=\"your-subject\"><input size=\"40\" maxlength=\"400\" class=\"wpcf7-form-control wpcf7-text\" aria-invalid=\"false\" value=\"\" type=\"text\" name=\"your-subject\" \/><\/span> <\/label>\n<\/p>\n<p><label> Telefon<br \/>\n<span class=\"wpcf7-form-control-wrap\" data-name=\"Telefon\"><input size=\"40\" maxlength=\"400\" class=\"wpcf7-form-control wpcf7-tel wpcf7-text wpcf7-validates-as-tel\" aria-invalid=\"false\" value=\"\" type=\"tel\" name=\"Telefon\" \/><\/span> <\/label>\n<\/p>\n<p><label> Interesse an...<br \/>\n<span class=\"wpcf7-form-control-wrap\" data-name=\"Interesse\"><select class=\"wpcf7-form-control wpcf7-select\" aria-invalid=\"false\" multiple=\"multiple\" name=\"Interesse[]\"><option value=\"Personal Training\">Personal Training<\/option><option value=\"Athletiktraining\">Athletiktraining<\/option><option value=\"Kraftclub\">Kraftclub<\/option><option value=\"Bootcamp\">Bootcamp<\/option><option value=\"Strong Mama\">Strong Mama<\/option><option value=\"Osteopathie\">Osteopathie<\/option><option value=\"Physiotherapie\">Physiotherapie<\/option><option value=\"Anderes Anliegen\">Anderes Anliegen<\/option><\/select><\/span> <\/label>\n<\/p>\n<p><label> Deine Nachricht<br \/>\n<span class=\"wpcf7-form-control-wrap\" data-name=\"your-message\"><textarea cols=\"40\" rows=\"10\" maxlength=\"2000\" class=\"wpcf7-form-control wpcf7-textarea\" aria-invalid=\"false\" name=\"your-message\"><\/textarea><\/span> <\/label>\n<\/p>\n<p><input class=\"wpcf7-form-control wpcf7-submit has-spinner\" type=\"submit\" value=\"Senden\" \/>\n<\/p><input type='hidden' class='wpcf7-pum' value='{\"closepopup\":false,\"closedelay\":0,\"openpopup\":false,\"openpopup_id\":0}' \/><div class=\"wpcf7-response-output\" aria-hidden=\"true\"><\/div>\n<\/form>\n<\/div>\n<\/div><\/div><\/div><\/div><\/div><div class=\"x-section e199-e12 m5j-0 m5j-1 m5j-4\"><div class=\"x-row x-container max width e199-e13 m5j-7 m5j-a m5j-b m5j-e m5j-g\"><div class=\"x-row-inner\"><div class=\"x-col e199-e14 m5j-k\"><div class=\"x-text x-content e199-e15 m5j-m m5j-o\"><h5>M\u00f6gliche Trainingszeiten<\/h5>\n<p>Personal-Trainingseinheiten werden individuell in einem pers\u00f6nlichen Gespr\u00e4ch vereinbart.<\/p>\n<p>Die aktuellen Trainingszeit f\u00fcr das Bootcamp ist Samstags um 09:30h<\/p><\/div><\/div><div class=\"x-col e199-e16 m5j-k\"><div class=\"x-text x-content e199-e17 m5j-m m5j-o\"><h5>Parkpl\u00e4tze<\/h5>\n<p>Wir befinden uns im Jordanhaus, in der 6. Etage.<\/p>\n<p>Ein zentral gelegenes Geb\u00e4ude das ringsherum viele Parkm\u00f6glichkeiten bietet.<\/p><\/div><\/div><\/div><\/div><\/div><div class=\"x-section e199-e18 m5j-1 m5j-3 m5j-5\"><div class=\"x-bg\" aria-hidden=\"true\"><div class=\"x-bg-layer-lower-image\" data-x-element-bg-layer=\"{&quot;parallaxSize&quot;:&quot;150%&quot;,&quot;parallaxDir&quot;:&quot;v&quot;,&quot;parallaxRev&quot;:false}\"><\/div><\/div><div class=\"x-row x-container max width e199-e19 m5j-7 m5j-8 m5j-b m5j-c m5j-h m5j-i\"><div class=\"x-row-inner\"><div class=\"x-col e199-e20 m5j-k\"><div class=\"x-frame x-frame-map-embed e199-e21 m5j-r\"><div class=\"x-frame-inner\"><div class=\"x-map x-map-embed\"><iframe loading=\"lazy\" src=\"https:\/\/www.google.com\/maps\/embed?pb=!1m18!1m12!1m3!1d2500.5401660863668!2d6.438964816049526!3d51.19069767958437!2m3!1f0!2f0!3f0!3m2!1i1024!2i768!4f13.1!3m3!1m2!1s0x47b8acbd7cc6cd15%3A0x5fd386111f5a6f41!2sformaris%20-%20Therapie%20%26%20Training!5e0!3m2!1sde!2sde!4v1585592030995!5m2!1sde!2sde\" width=\"600\" height=\"450\" frameborder=\"0\" style=\"border:0;\" allowfullscreen=\"\" aria-hidden=\"false\" tabindex=\"0\"><\/iframe><\/div><\/div><\/div><\/div><\/div><\/div><\/div><div class=\"x-section e199-e22 m5j-0 m5j-1 m5j-3 m5j-6\"><div class=\"x-row e199-e23 m5j-7 m5j-8 m5j-b m5j-c m5j-h m5j-j\"><div class=\"x-row-inner\"><div class=\"x-col e199-e24 m5j-k\"><\/div><\/div><\/div><\/div><\/div>\n","protected":false},"excerpt":{"rendered":"<p>Kontakt zu formaris Wenn Sie uns per Kontaktformular Anfragen zukommen lassen, werden Ihre Angaben aus dem Anfrageformular inklusive der von Ihnen dort angegebenen Kontaktdaten zwecks Bearbeitung der Anfrage und f\u00fcr den Fall von Anschlussfragen bei uns gespeichert. Diese Daten geben wir nicht ohne Ihre Einwilligung weiter. Weiteres zum Thema Datenschutz, entnehmen Sie bitte unserer Datenschutzerkl\u00e4rung formaris Marco Paulu\u00dfen Fliethstra\u00dfe 112 &#8230;<\/p>\n","protected":false},"author":1,"featured_media":0,"parent":0,"menu_order":0,"comment_status":"closed","ping_status":"closed","template":"template-blank-4.php","meta":{"_acf_changed":false,"footnotes":""},"class_list":["post-199","page","type-page","status-publish","hentry","no-post-thumbnail"],"acf":[],"aioseo_notices":[],"_links":{"self":[{"href":"https:\/\/www.formaris.de\/wp2020\/wp-json\/wp\/v2\/pages\/199","targetHints":{"allow":["GET"]}}],"collection":[{"href":"https:\/\/www.formaris.de\/wp2020\/wp-json\/wp\/v2\/pages"}],"about":[{"href":"https:\/\/www.formaris.de\/wp2020\/wp-json\/wp\/v2\/types\/page"}],"author":[{"embeddable":true,"href":"https:\/\/www.formaris.de\/wp2020\/wp-json\/wp\/v2\/users\/1"}],"replies":[{"embeddable":true,"href":"https:\/\/www.formaris.de\/wp2020\/wp-json\/wp\/v2\/comments?post=199"}],"version-history":[{"count":13,"href":"https:\/\/www.formaris.de\/wp2020\/wp-json\/wp\/v2\/pages\/199\/revisions"}],"predecessor-version":[{"id":2342,"href":"https:\/\/www.formaris.de\/wp2020\/wp-json\/wp\/v2\/pages\/199\/revisions\/2342"}],"wp:attachment":[{"href":"https:\/\/www.formaris.de\/wp2020\/wp-json\/wp\/v2\/media?parent=199"}],"curies":[{"name":"wp","href":"https:\/\/api.w.org\/{rel}","templated":true}]}}