{"id":1729,"date":"2020-04-30T17:41:27","date_gmt":"2020-04-30T15:41:27","guid":{"rendered":"https:\/\/www.formaris.de\/wp_neu\/osteopathie\/"},"modified":"2025-10-17T11:32:36","modified_gmt":"2025-10-17T09:32:36","slug":"osteopathie-moenchengladbach","status":"publish","type":"page","link":"https:\/\/www.formaris.de\/wp2020\/osteopathie-moenchengladbach\/","title":{"rendered":"Osteopathie"},"content":{"rendered":"<div id=\"cs-content\" class=\"cs-content\"><div class=\"x-section e1729-e1 m1c1-0 m1c1-1\"><div class=\"x-row x-container max width e1729-e2 m1c1-3 m1c1-4 m1c1-5 m1c1-6 m1c1-9 m1c1-a\"><div class=\"x-row-inner\"><div class=\"x-col e1729-e3 m1c1-i\"><span class=\"x-image e1729-e4 m1c1-l\"><img decoding=\"async\" src=\"https:\/\/www.formaris.de\/wp-content\/uploads\/2020\/03\/osteopathie-moenchengladbach-header.jpg\" width=\"1400\" height=\"450\" alt=\"Image\" loading=\"lazy\"><\/span><\/div><\/div><\/div><\/div><div class=\"x-section e1729-e5 m1c1-0 m1c1-1\"><div class=\"x-row x-container max width e1729-e6 m1c1-3 m1c1-4 m1c1-5 m1c1-9 m1c1-b\"><div class=\"x-row-inner\"><div class=\"x-col e1729-e7 m1c1-i\"><div class=\"x-text x-content e1729-e8 m1c1-m m1c1-n\"><h4>Osteopathie in M&ouml;nchengladbach<\/h4>\n<p>Heutzutage ist die Osteopathie eine <strong>ganzheitliche manuelle Behandlung<\/strong>, die alle Gewebe und Strukturen des Menschen in die Diagnose und Therapie einbezieht. In unserer Praxis f&uuml;r Osteopathie in M&ouml;nchengladbach behandeln wir Dich nach diesem Leitbild.<\/p>\n<h5>DIE EIGENTLICHE URSACHE BEHANDELN &ndash; EIN BEISPIEL<\/h5>\n<p>Einem <strong>Kopfschmerz<\/strong>, der <strong>durch<\/strong> eine <strong>Nackenverspannung<\/strong> verursacht wird, <strong>kann<\/strong> neben der Statik auch <strong>ein Magenproblem<\/strong> als Ursache <strong>zugrunde liegen<\/strong>.<br \/>Sensible Informationen aus den Organen gelangen &uuml;ber die Nerven zum zentralen Nervensystem (R&uuml;ckenmark &amp; Gehirn). Stell Dir vor, dass die Nerven, die die Muskulatur ansteuern, die selbe Ein- und Austrittspforte an der Wirbels&auml;ule haben, wie die sensiblen Nerven des Magens. Wir haben hier also eine Stelle, die einen <strong>Engpass zwischen zwei &bdquo;Informationsquellen&ldquo;<\/strong> darstellt. <br \/>Hier kann es sehr leicht zu einem &bdquo;Kurzschluss&ldquo; kommen. <strong>Informationen<\/strong>, die zum R&uuml;ckenmark geleitet werden,<strong> verursachen<\/strong> (&bdquo;triggern&ldquo;) <strong>fehlerhafte Impulse<\/strong> auf motorische Nerven. Diese Impulse bewirken dann eine Anspannung der Nackenmuskulatur, woraus dann ein Kopfschmerz entsteht.<br \/>Die eigentliche Ursache des Problems liegt somit also nicht im verspannten Nacken, sondern im Oberbauch, wo sich der Magen befindet.<br \/>An diesem Beispiel wird deutlich, wie wichtig <strong>genaue Kenntnisse der Anatomie<\/strong>, <strong>Organfunktionen und des Bewegungsapparates<\/strong> zur Ursachenforschung einzelner Symptome sind!<\/p><\/div><\/div><div class=\"x-col e1729-e9 m1c1-i\"><span class=\"x-image e1729-e10 m1c1-l\"><img decoding=\"async\" src=\"https:\/\/www.formaris.de\/wp-content\/uploads\/2020\/03\/osteopath-mg.jpg\" width=\"667\" height=\"1000\" alt=\"Image\" loading=\"lazy\"><\/span><\/div><\/div><\/div><\/div><div class=\"x-section e1729-e11 m1c1-0 m1c1-1\"><div class=\"x-row x-container max width e1729-e12 m1c1-3 m1c1-4 m1c1-5 m1c1-9 m1c1-c\"><div class=\"x-row-inner\"><div class=\"x-col e1729-e13 m1c1-i\"><span class=\"x-image e1729-e14 m1c1-l\"><img decoding=\"async\" src=\"https:\/\/www.formaris.de\/wp-content\/uploads\/2020\/03\/osteopathie-moenchengladbach-2.jpg\" width=\"1000\" height=\"667\" alt=\"Image\" loading=\"lazy\"><\/span><\/div><div class=\"x-col e1729-e15 m1c1-i\"><div class=\"x-text x-content e1729-e16 m1c1-m m1c1-n\"><h4>WIE FUNKTIONIERT OSTEOPATHIE?<\/h4>\n<p>Der Osteopath <strong>sp&uuml;rt mit seinen H&auml;nden Bewegungseinschr&auml;nkungen auf<\/strong> und therapiert sie, indem er sie mobilisiert. Diese Einschr&auml;nkungen und Blockaden entstehen, wenn Gelenke nicht ausreichend oder nur einseitig bewegt werden.<\/p>\n<p>Einschr&auml;nkungen entstehen auch, wenn Faszien mit benachbartem Gewebe durch nicht-bewegen oder durch Narbenbildung miteinander verkleben und eine unabh&auml;ngige Beweglichkeit der einzelnen Gewebe nicht mehr gegeben ist.<\/p>\n<p>Durch die Einschr&auml;nkungen kann die <strong>Versorgung<\/strong> des Gewebes <strong>mit frischem Blu<\/strong>t und N&auml;hrstoffen ebenso wie die<strong> Entsorgung von verbrauchtem Blut behindert<\/strong> werden. Es entstehen funktionelle St&ouml;rungen, die in der Osteopathie durch <strong>manuelle<\/strong> <strong>Techniken<\/strong> <strong>gel&ouml;st<\/strong> werden.<\/p><\/div><\/div><\/div><\/div><\/div><div class=\"x-section e1729-e17 m1c1-0 m1c1-1\"><div class=\"x-row x-container max width e1729-e18 m1c1-3 m1c1-4 m1c1-5 m1c1-9 m1c1-d\"><div class=\"x-row-inner\"><div class=\"x-col e1729-e19 m1c1-i\"><span class=\"x-image e1729-e20 m1c1-l\"><img decoding=\"async\" src=\"https:\/\/www.formaris.de\/wp-content\/uploads\/2020\/03\/osteopath-moenchengladbach.jpg\" width=\"1000\" height=\"667\" alt=\"Image\" loading=\"lazy\"><\/span><\/div><div class=\"x-col e1729-e21 m1c1-i\"><div class=\"x-text x-content e1729-e22 m1c1-m m1c1-n\"><h5>Was kostet Ostheopathie?<\/h5>\n<p>Eine osteopatische Behandlung dauert <strong>eine Stunde<\/strong> und kostet <strong>pauschal 95 \u20ac<\/strong>. Die meisten gesetzlichen <strong>Krankenkassen<\/strong> akzeptieren und unterst\u00fctzen osteopathische Behandlungen und <strong>bezuschussen<\/strong> diese. Informieren Sie sich, in welchem Umfang Ihre Kasse Osteopathie bezuschusst unter:<\/p>\n<p><a href=\"http:\/\/www.osteokompass.de\/\">http:\/\/www.osteokompass.de\/<\/a><\/p>\n<p>Als <strong>studierter\u00a0Physiotherapeut und ausgebildeter Osteopath<\/strong> biete ich Ihnen im Zentrum von M\u00f6nchengladbach osteopathische Behandlungen an.<br \/>\nVereinbaren Sie einen Termin unter <a href=\"tel:\/\/+4921613043693\">02161 \u2013 3043693<\/a> oder schicken Sie eine Anfrage per Email an <a href=\"mailto:info@formaris.de\">info@formaris.de<\/a><\/p><\/div><\/div><\/div><\/div><\/div><div class=\"x-section e1729-e23 m1c1-0 m1c1-1\"><div class=\"x-row x-container max width e1729-e24 m1c1-3 m1c1-4 m1c1-5 m1c1-9 m1c1-e\"><div class=\"x-row-inner\"><div class=\"x-col e1729-e25 m1c1-i\"><div class=\"x-text x-content e1729-e26 m1c1-m m1c1-n\"><h5>Was macht Osteopathie zur ganzheitlichen Therapie?<\/h5>\n<p>In der Osteopathie unterteilt man den K\u00f6rper und dessen Funktionen in verschiedene miteinander agierenden Bereiche.<\/p>\n<p>Der erste Bereich ist die <i>Parietale Osteopathie<\/i>, die sich mit dem Bewegungsapparat mit seinen Gelenken, Knochen, B\u00e4ndern, Muskeln und den verbindenden Faszien besch\u00e4ftigt.\u00a0Bewegungseinschr\u00e4nkungen werden mit den H\u00e4nden aufgesp\u00fcrt und beseitigt, sodass eine harmonische Mobilit\u00e4t der Gewebe zueinander wieder erm\u00f6glicht wird.<\/p>\n<p>Der zweite Bereich ist die <i>Viszerale Osteopathie<\/i>, hier geht es um das Organsystem. Die meisten Organe sind in das sogenannte Bauchfell oder in das Lungen- oder Rippenfell \u201eeingepackt\u201c. Die Organe des Bauchraums und des Brustkorbs verf\u00fcgen jeweils \u00fcber eigene Bewegungen und einen eigenen Rhythmus. Durch innere und \u00e4u\u00dfere Faktoren, wie zum Beispiel Fehlstellungen oder Fehlhaltungen und Narben, sowie Verklebungen (Adh\u00e4sionen) k\u00f6nnen diese gest\u00f6rt werden. Diese St\u00f6rungen haben auch Auswirkungen auf den Bewegungsapparat und k\u00f6nnen f\u00fcr Fehlhaltungen und Schmerzen verantwortlich sein. Hier wird das System durch sanfte manuelle Techniken gel\u00f6st und wieder in Bewegung gebracht.<\/p>\n<p>Der dritte Bereich ist die <i>Craniale Osteopathie<\/i>, die das Sch\u00e4del-Kreuzbein System und die vegetativen Nerven untersucht und behandelt. Der Sch\u00e4del ist mit festen Membranen (Hirnhaut) durchzogen, die sich im R\u00fcckenmarkskanal bis zum Kreuzbein hinunter fortsetzen. Diese Membranen bilden\u00a0 Leitungsbahnen und Kan\u00e4le, in denen Venen verlaufen und in denen der Liqor (Hirn\/Markwasser) zirkuliert. Wichtige Bereiche des zentralen Nervensystems werden hier mit N\u00e4hrstoffen versorgt und auch entstaut (drainiert).<\/p>\n<p>Beeintr\u00e4chtigungen in diesem System verursachen verschiedene Symptomen wie Kopfschmerzen, Sehst\u00f6rungen, Ohrger\u00e4usche, Hitzewallungen, Herzrasen, \u00fcberm\u00e4\u00dfige Schwei\u00dfbildung, Nerv\u00f6sit\u00e4t, Abgeschlagenheit, Konzentrationschw\u00e4sche etc. kommen.\u00a0Faszien die einzelne Gewebe und das vegetative Nervensystem miteinander verbindenden, das haupts\u00e4chlich die inneren Organe stimuliert, steht unter dem Einfluss des cranialen-Systems.<\/p>\n<p>Diese Verbindungen und die Behandlung dieser Zusammenh\u00e4nge macht die\u00a0 Osteopathie zur ganzheitlichen Heilkunde.<\/p><\/div><\/div><div class=\"x-col e1729-e27 m1c1-i\"><span class=\"x-image e1729-e28 m1c1-l\"><img decoding=\"async\" src=\"https:\/\/www.formaris.de\/wp-content\/uploads\/2020\/03\/osteopathie-praxis-moenchengladbach.jpg\" width=\"667\" height=\"1000\" alt=\"Image\" loading=\"lazy\"><\/span><\/div><\/div><\/div><\/div><div class=\"x-section e1729-e29 m1c1-0 m1c1-2\"><div class=\"x-row x-container max width e1729-e30 m1c1-3 m1c1-5 m1c1-7 m1c1-f\"><div class=\"x-row-inner\"><div class=\"x-col e1729-e31 m1c1-i\"><div class=\"x-text x-content e1729-e32 m1c1-m m1c1-n\"><h5>GESCHICHTE DER OSTEOPATHIE<\/h5>\n<p>Der <strong>Begr&uuml;nder der Osteopathie<\/strong> (Andrew Taylor Still (1828-1913) diente als Chirurg im amerikanischen B&uuml;rgerkrieg und sammelte dort Erfahrungen im Bereich der praktischen Anatomie und sah vorerst den <strong>Mensch als eine Art Maschine<\/strong> mit Hebelarmen, B&auml;ndern, Drehpunkten und Gelenken. Eine Betrachtungsweise, die sehr auf Statik und Positionen der einzelnen Teile des K&ouml;rpers bezogen ist.<\/p>\n<p>Das <strong>Bindegewebe<\/strong> (Faszien) sah er als Erde, welche mit Fl&uuml;ssen (<strong>Blutgef&auml;&szlig;e &amp; Nerven<\/strong>) durchzogen ist. Den gesamten menschlichen K&ouml;rper sah er als &bdquo;Acker&ldquo;, der nur gute Ertr&auml;ge (Gesundheit) brachte, wenn er ausreichend bew&auml;ssert und drainiert wird. Kompressionen der B&auml;che und Fl&uuml;sse durch Felsen bzw. Knochen sorgen f&uuml;r Stauungen und damit&nbsp; f&uuml;r Krankheit.<\/p>\n<p>Mit der Auffassung, dass Knochen Stauungen verursachen k&ouml;nnen begr&uuml;ndete A.T. Still den Namen &bdquo;<strong>Osteopathie&ldquo; &ndash; &bdquo;Leiden\/Krankheit, die durch den Knochen verursacht wird&ldquo;.<\/strong><\/p><\/div><\/div><\/div><\/div><\/div><div class=\"x-section e1729-e33 m1c1-0 m1c1-1\"><div class=\"x-row x-container max width e1729-e34 m1c1-3 m1c1-4 m1c1-5 m1c1-6 m1c1-9 m1c1-g\"><div class=\"x-row-inner\"><div class=\"x-col e1729-e35 m1c1-i\"><div class=\"x-row e1729-e36 m1c1-3 m1c1-4 m1c1-8 m1c1-9 m1c1-h\"><div class=\"x-row-inner\"><div class=\"x-col e1729-e37 m1c1-i m1c1-j\"><div class=\"x-text x-content e1729-e38 m1c1-m m1c1-o\"><h4><span style=\"color: #ffffff;\"><br \/>\nJetzt Termin f\u00fcr Osteopathie in unserer Praxis in M\u00f6nchengladbach vereinbaren.<br \/>\n<br \/>\n<\/span><\/h4><\/div><\/div><div class=\"x-col e1729-e39 m1c1-i m1c1-j m1c1-k\"><a class=\"x-anchor x-anchor-button e1729-e40 m1c1-p\" tabindex=\"0\" href=\"contact\"><div class=\"x-anchor-content\"><div class=\"x-anchor-text\"><span class=\"x-anchor-text-primary\">KONTAKT<\/span><\/div><\/div><\/a><\/div><\/div><\/div><\/div><\/div><\/div><\/div><\/div>\n","protected":false},"excerpt":{"rendered":"<p>Osteopathie in M&ouml;nchengladbach Heutzutage ist die Osteopathie eine ganzheitliche manuelle Behandlung, die alle Gewebe und Strukturen des Menschen in die Diagnose und Therapie einbezieht. In unserer Praxis f&uuml;r Osteopathie in M&ouml;nchengladbach behandeln wir Dich nach diesem Leitbild. DIE EIGENTLICHE URSACHE BEHANDELN &ndash; EIN BEISPIEL Einem Kopfschmerz, der durch eine Nackenverspannung verursacht wird, kann neben der Statik auch ein Magenproblem als &#8230;<\/p>\n","protected":false},"author":1,"featured_media":0,"parent":0,"menu_order":0,"comment_status":"closed","ping_status":"closed","template":"template-blank-1.php","meta":{"_acf_changed":false,"footnotes":""},"class_list":["post-1729","page","type-page","status-publish","hentry","no-post-thumbnail"],"acf":[],"aioseo_notices":[],"_links":{"self":[{"href":"https:\/\/www.formaris.de\/wp2020\/wp-json\/wp\/v2\/pages\/1729","targetHints":{"allow":["GET"]}}],"collection":[{"href":"https:\/\/www.formaris.de\/wp2020\/wp-json\/wp\/v2\/pages"}],"about":[{"href":"https:\/\/www.formaris.de\/wp2020\/wp-json\/wp\/v2\/types\/page"}],"author":[{"embeddable":true,"href":"https:\/\/www.formaris.de\/wp2020\/wp-json\/wp\/v2\/users\/1"}],"replies":[{"embeddable":true,"href":"https:\/\/www.formaris.de\/wp2020\/wp-json\/wp\/v2\/comments?post=1729"}],"version-history":[{"count":7,"href":"https:\/\/www.formaris.de\/wp2020\/wp-json\/wp\/v2\/pages\/1729\/revisions"}],"predecessor-version":[{"id":2401,"href":"https:\/\/www.formaris.de\/wp2020\/wp-json\/wp\/v2\/pages\/1729\/revisions\/2401"}],"wp:attachment":[{"href":"https:\/\/www.formaris.de\/wp2020\/wp-json\/wp\/v2\/media?parent=1729"}],"curies":[{"name":"wp","href":"https:\/\/api.w.org\/{rel}","templated":true}]}}