{"id":1609,"date":"2020-04-22T16:27:35","date_gmt":"2020-04-22T14:27:35","guid":{"rendered":"https:\/\/www.formaris.de\/wp_neu\/?page_id=1609"},"modified":"2025-09-23T15:51:43","modified_gmt":"2025-09-23T13:51:43","slug":"studio","status":"publish","type":"page","link":"https:\/\/www.formaris.de\/wp2020\/studio\/","title":{"rendered":"STUDIO"},"content":{"rendered":"<div id=\"cs-content\" class=\"cs-content\"><div class=\"x-section e1609-e1 m18p-0\"><div class=\"x-row x-container max width e1609-e2 m18p-1 m18p-2 m18p-3\"><div class=\"x-row-inner\"><div class=\"x-col e1609-e3 m18p-8\"><span class=\"x-image e1609-e4 m18p-9 m18p-a\"><img decoding=\"async\" src=\"https:\/\/www.formaris.de\/wp-content\/uploads\/2020\/03\/studio-fuer-personal-training-in-moenchengladbach-1000x419-1.jpg\" width=\"1000\" height=\"419\" alt=\"Image\" loading=\"lazy\"><\/span><\/div><\/div><\/div><\/div><div class=\"x-section e1609-e5 m18p-0\"><div class=\"x-row x-container max width e1609-e6 m18p-1 m18p-2 m18p-4\"><div class=\"x-row-inner\"><div class=\"x-col e1609-e7 m18p-8\"><div class=\"x-text x-content e1609-e8 m18p-c\"><h5>UNSER STUDIO IN M&Ouml;NCHENGLADBACH<\/h5>\n<p>Bei formaris findest Du Ruhe und Privatsph&auml;re. Ungest&ouml;rt und frei von fremden Blicken betreuen wir unsere Klienten &uuml;ber den D&auml;chern von M&ouml;nchengladbach unter optimalen Bedingungen.<\/p><\/div><\/div><div class=\"x-col e1609-e9 m18p-8\"><div class=\"x-text x-content e1609-e10 m18p-c\"><h5>Die Trainingsr\u00e4ume<\/h5>\n<p>Physische und geistige Prozesse brauchen Platz &amp; Raum. In unserem Studio bieten sich optimale Entfaltungsm\u00f6glichkeiten und die richtige Atmosph\u00e4re. Hier stehest Du als Mensch mit Deinem pers\u00f6nlichen Bed\u00fcrfnissen und Zielen im Mittelpunkt.<\/p><\/div><\/div><div class=\"x-col e1609-e11 m18p-8\"><span class=\"x-image e1609-e13 m18p-a m18p-b\"><img decoding=\"async\" src=\"https:\/\/www.formaris.de\/wp-content\/uploads\/2025\/09\/PXL_20250923_1254388242-scaled.jpg\" width=\"800\" height=\"600\" alt=\"Image\" loading=\"lazy\"><\/span><\/div><\/div><\/div><\/div><div class=\"x-section e1609-e14 m18p-0\"><div class=\"x-row x-container max width e1609-e15 m18p-1 m18p-2 m18p-5\"><div class=\"x-row-inner\"><div class=\"x-col e1609-e16 m18p-8\"><div class=\"x-text x-content e1609-e17 m18p-c\"><div class=\"wpb_text_column wpb_content_element \">\n<div class=\"wpb_wrapper\">\n<h5>Der Therapieraum<\/h5>\n<p>Dein Leben, Dein K\u00f6rper \u2013 hier \u00fcber den D\u00e4chern von M\u00f6nchengladbach sorgen wir f\u00fcr die richtige Umsetzung der Strategie in Punkto Ern\u00e4hrung und Therapie.<\/p>\n\n<\/div>\n<\/div><\/div><\/div><div class=\"x-col e1609-e18 m18p-8\">\n<div id=\"spscontent-1255\" style=\"padding:10px\">\n<div id=\"img-1255\" style=\"width:100%;max-width:1000px;height:80vh;max-height:550px;\"><\/div>\n<\/div>\n<script>\nvar viewer1255 = new PhotoSphereViewer({\n container: 'img-1255',\n touchmove_two_fingers: true,\n time_anim: false,\n anim_speed: '1rpm',\n caption: 'Therapieraum',\n panorama: 'https:\/\/www.formaris.de\/wp-content\/uploads\/2020\/03\/physiotherapie-raum-mg-360-scaled.jpg',\nnavbar: [\n 'autorotate',\n 'zoom',\n 'caption',\n {title: 'Normal Size',className: 'sps-icon',content: '&#xe801;',onClick: function() {document.getElementById('spscontent-1255').setAttribute(\"style\",\"padding:10px\");document.getElementById('img-1255').setAttribute(\"style\",\"width:100%;max-width:1000px;height:80vh;max-height:550px;\");viewer1255.resize({width:100,height:80});}},\n {title: 'Full Size',className: 'sps-icon',content: '&#xe800;',onClick: function() {document.getElementById('spscontent-1255').setAttribute(\"style\",\"position: fixed;top: 0;left: 0;right: 0;bottom: 0;background: rgba(0,0,0,.5);z-index: 700;\");document.getElementById('img-1255').setAttribute(\"style\",\"width:100%;height:100%\");document.getElementById('spscontent-1255').setAttribute(\"style\",\"max-width:100%;position: fixed;top: 0;left: 0;right: 0;bottom: 0;background: rgba(0,0,0,.5);z-index: 99999;margin: 0;width: 100%;\");viewer1255.resize({width:100,height:80});}}\n],\nlang: {\n autorotate: 'Automatic rotation',\n zoom: 'Zoom',\n zoomOut: 'Zoom Out',\n zoomIn: 'Zoom In',\n two_fingers: ['Use two fingers to navigate']\n}\n});\n<\/script>\n\n<\/div><\/div><\/div><\/div><div class=\"x-section e1609-e20 m18p-0\"><div class=\"x-row x-container max width e1609-e21 m18p-1 m18p-2 m18p-6\"><div class=\"x-row-inner\"><div class=\"x-col e1609-e22 m18p-8\"><div class=\"x-text x-content e1609-e23 m18p-c\"><h5>Dein&nbsp;Weg zum Studio in M&ouml;nchengladbach<\/h5>\n<p>Unser&nbsp;<strong>privates Studio f&uuml;r Personal Training<\/strong>&nbsp;befindet sich&nbsp;<strong>im Herzen von M&ouml;nchengladbach<\/strong> auf der Fliethstra&szlig;e. Hier kannst Du in entspannter und privater Atmosph&auml;re trainieren.<br \/>Alternativ kommen wir als Personal Trainer selbstverst&auml;ndlich auch gerne zu Dir.<\/p><\/div><\/div><div class=\"x-col e1609-e24 m18p-8\"><div class=\"x-text x-content e1609-e25 m18p-c\"><div class=\"wpb_column vc_column_container vc_col-sm-4\">\n<div class=\"vc_column-inner \">\n<div class=\"wpb_wrapper\">\n<div class=\"wpb_text_column wpb_content_element \">\n<div class=\"wpb_wrapper\">\n<p>Formaris &ndash;<br \/>Marco Paulu&szlig;en<br \/>Fliethstra&szlig;e 112 - 114<br \/>41061 M&ouml;nchengladbach<\/p>\n<p>Telefon: <a href=\"tel:+4921613039952\">02161 &ndash; 3043693<\/a><\/p>\n<\/div>\n<\/div>\n<\/div>\n<\/div>\n<\/div><\/div><\/div><\/div><\/div><div class=\"x-row x-container max width e1609-e26 m18p-1 m18p-2 m18p-7\"><div class=\"x-row-inner\"><div class=\"x-col e1609-e27 m18p-8\"><iframe loading=\"lazy\" src=\"https:\/\/www.google.com\/maps\/embed?pb=!1m18!1m12!1m3!1d2500.5401660863668!2d6.438964816049526!3d51.19069767958437!2m3!1f0!2f0!3f0!3m2!1i1024!2i768!4f13.1!3m3!1m2!1s0x47b8acbd7cc6cd15%3A0x5fd386111f5a6f41!2sformaris%20-%20Therapie%20%26%20Training!5e0!3m2!1sde!2sde!4v1585592030995!5m2!1sde!2sde\" width=\"600\" height=\"450\" frameborder=\"0\" style=\"border:0;\" allowfullscreen=\"\" aria-hidden=\"false\" tabindex=\"0\"><\/iframe><\/div><\/div><\/div><\/div><\/div>\n","protected":false},"excerpt":{"rendered":"<p>UNSER STUDIO IN M&Ouml;NCHENGLADBACH Bei formaris findest Du Ruhe und Privatsph&auml;re. Ungest&ouml;rt und frei von fremden Blicken betreuen wir unsere Klienten &uuml;ber den D&auml;chern von M&ouml;nchengladbach unter optimalen Bedingungen.Die Trainingsr\u00e4ume Physische und geistige Prozesse brauchen Platz &amp; Raum. In unserem Studio bieten sich optimale Entfaltungsm\u00f6glichkeiten und die richtige Atmosph\u00e4re. Hier stehest Du als Mensch mit Deinem pers\u00f6nlichen Bed\u00fcrfnissen und Zielen &#8230;<\/p>\n","protected":false},"author":1,"featured_media":0,"parent":0,"menu_order":0,"comment_status":"closed","ping_status":"closed","template":"template-blank-1.php","meta":{"_acf_changed":false,"footnotes":""},"class_list":["post-1609","page","type-page","status-publish","hentry","no-post-thumbnail"],"acf":[],"aioseo_notices":[],"_links":{"self":[{"href":"https:\/\/www.formaris.de\/wp2020\/wp-json\/wp\/v2\/pages\/1609","targetHints":{"allow":["GET"]}}],"collection":[{"href":"https:\/\/www.formaris.de\/wp2020\/wp-json\/wp\/v2\/pages"}],"about":[{"href":"https:\/\/www.formaris.de\/wp2020\/wp-json\/wp\/v2\/types\/page"}],"author":[{"embeddable":true,"href":"https:\/\/www.formaris.de\/wp2020\/wp-json\/wp\/v2\/users\/1"}],"replies":[{"embeddable":true,"href":"https:\/\/www.formaris.de\/wp2020\/wp-json\/wp\/v2\/comments?post=1609"}],"version-history":[{"count":26,"href":"https:\/\/www.formaris.de\/wp2020\/wp-json\/wp\/v2\/pages\/1609\/revisions"}],"predecessor-version":[{"id":2400,"href":"https:\/\/www.formaris.de\/wp2020\/wp-json\/wp\/v2\/pages\/1609\/revisions\/2400"}],"wp:attachment":[{"href":"https:\/\/www.formaris.de\/wp2020\/wp-json\/wp\/v2\/media?parent=1609"}],"curies":[{"name":"wp","href":"https:\/\/api.w.org\/{rel}","templated":true}]}}